{"id":3725,"date":"2024-12-18T08:36:12","date_gmt":"2024-12-18T15:36:12","guid":{"rendered":"http:\/\/liver.ca\/?page_id=3725"},"modified":"2025-09-17T08:21:04","modified_gmt":"2025-09-17T14:21:04","slug":"maladie-hepatique-associee-a-lalcool","status":"publish","type":"page","link":"https:\/\/liver.ca\/fr\/alcohol-associated-liver-disease\/","title":{"rendered":"Maladie h\u00e9patique associ\u00e9e \u00e0 l'alcool"},"content":{"rendered":"","protected":false},"excerpt":{"rendered":"","protected":false},"author":5,"featured_media":0,"parent":0,"menu_order":0,"comment_status":"closed","ping_status":"closed","template":"templates\/liver-disease.php","meta":{"_acf_changed":false,"footnotes":""},"class_list":["post-3725","page","type-page","status-publish","hentry"],"acf":{"title":"","text":"Alcohol-associated liver disease disease occurs when excessive alcohol consumption causes liver damage.","image":4163,"landing_page":false,"story":"","bg_colour":"none","story_pretitle":"","story_title":"","story_text":"","story_image":""},"_links":{"self":[{"href":"https:\/\/liver.ca\/fr\/wp-json\/wp\/v2\/pages\/3725","targetHints":{"allow":["GET"]}}],"collection":[{"href":"https:\/\/liver.ca\/fr\/wp-json\/wp\/v2\/pages"}],"about":[{"href":"https:\/\/liver.ca\/fr\/wp-json\/wp\/v2\/types\/page"}],"author":[{"embeddable":true,"href":"https:\/\/liver.ca\/fr\/wp-json\/wp\/v2\/users\/5"}],"replies":[{"embeddable":true,"href":"https:\/\/liver.ca\/fr\/wp-json\/wp\/v2\/comments?post=3725"}],"version-history":[{"count":5,"href":"https:\/\/liver.ca\/fr\/wp-json\/wp\/v2\/pages\/3725\/revisions"}],"predecessor-version":[{"id":5235,"href":"https:\/\/liver.ca\/fr\/wp-json\/wp\/v2\/pages\/3725\/revisions\/5235"}],"wp:attachment":[{"href":"https:\/\/liver.ca\/fr\/wp-json\/wp\/v2\/media?parent=3725"}],"curies":[{"name":"wp","href":"https:\/\/api.w.org\/{rel}","templated":true}]}}